{"id":8,"date":"2024-01-15T17:08:52","date_gmt":"2024-01-15T17:08:52","guid":{"rendered":"https:\/\/vipnet.pt\/pg01\/?page_id=8"},"modified":"2024-01-20T03:55:12","modified_gmt":"2024-01-20T03:55:12","slug":"mtcna-2","status":"publish","type":"page","link":"https:\/\/vipnet.pt\/pg01\/index.php\/mtcna-2\/","title":{"rendered":"MTCNA"},"content":{"rendered":"<p>[et_pb_section fb_built=&#8221;1&#8243; _builder_version=&#8221;4.14.4&#8243; _module_preset=&#8221;default&#8221; use_background_color_gradient=&#8221;on&#8221; global_colors_info=&#8221;{}&#8221;][et_pb_row column_structure=&#8221;1_3,2_3&#8243; _builder_version=&#8221;4.14.4&#8243; _module_preset=&#8221;default&#8221; global_colors_info=&#8221;{}&#8221;][et_pb_column type=&#8221;1_3&#8243; _builder_version=&#8221;4.14.4&#8243; _module_preset=&#8221;default&#8221; global_colors_info=&#8221;{}&#8221;][et_pb_image src=&#8221;https:\/\/vipnet.pt\/pg01\/wp-content\/uploads\/2024\/01\/mtcna.png&#8221; title_text=&#8221;mtcna&#8221; align=&#8221;center&#8221; _builder_version=&#8221;4.14.4&#8243; _module_preset=&#8221;default&#8221; global_colors_info=&#8221;{}&#8221;][\/et_pb_image][\/et_pb_column][et_pb_column type=&#8221;2_3&#8243; _builder_version=&#8221;4.14.4&#8243; _module_preset=&#8221;default&#8221; global_colors_info=&#8221;{}&#8221;][et_pb_text _builder_version=&#8221;4.14.4&#8243; _module_preset=&#8221;default&#8221; text_text_color=&#8221;#000000&#8243; hover_enabled=&#8221;0&#8243; global_colors_info=&#8221;{}&#8221; text_font_size=&#8221;16px&#8221; sticky_enabled=&#8221;0&#8243;]<\/p>\n<h2>Mikrotik Certified Network Associate<\/h2>\n<p>Objetivo: Instruir os participantes no entendimento do sistema operacional MikroTik, preparando-os para conquistar a certifica\u00e7\u00e3o MTCNA do routerOS. Seu prop\u00f3sito \u00e9 capacitar os participantes para a instala\u00e7\u00e3o, opera\u00e7\u00e3o e administra\u00e7\u00e3o de redes MikroTik, abrangendo tamb\u00e9m as estrat\u00e9gias de planejamento baseadas no routerOS.<\/p>\n<p>[\/et_pb_text][\/et_pb_column][\/et_pb_row][\/et_pb_section][et_pb_section fb_built=&#8221;1&#8243; _builder_version=&#8221;4.14.4&#8243; _module_preset=&#8221;default&#8221; global_colors_info=&#8221;{}&#8221;][et_pb_row column_structure=&#8221;1_3,1_3,1_3&#8243; _builder_version=&#8221;4.14.4&#8243; _module_preset=&#8221;default&#8221; global_colors_info=&#8221;{}&#8221;][et_pb_column type=&#8221;1_3&#8243; _builder_version=&#8221;4.14.4&#8243; _module_preset=&#8221;default&#8221; global_colors_info=&#8221;{}&#8221;][et_pb_text _builder_version=&#8221;4.14.4&#8243; _module_preset=&#8221;default&#8221; global_colors_info=&#8221;{}&#8221;][\/et_pb_text][\/et_pb_column][et_pb_column type=&#8221;1_3&#8243; _builder_version=&#8221;4.14.4&#8243; _module_preset=&#8221;default&#8221; global_colors_info=&#8221;{}&#8221;][et_pb_text _builder_version=&#8221;4.14.4&#8243; _module_preset=&#8221;default&#8221; global_colors_info=&#8221;{}&#8221;]<\/p>\n<h2>Investimento:\u00a0 \u00a0<span class=\"C9DxTc \">550<\/span><span class=\"C9DxTc \">\u20ac.<\/span><\/h2>\n<p><span class=\"C9DxTc \"><\/span><\/p>\n<p><span class=\"C9DxTc \"><\/span><\/p>\n<h2>Carga Hor\u00e1ria: 24hs.<span class=\"C9DxTc \"><\/span><\/h2>\n<p>&nbsp;<\/p>\n<h2>Pr\u00e9-Requisito: Nenhum.<\/h2>\n<p>&nbsp;<\/p>\n<h3>Gr\u00e1tis 1 (uma) Licen\u00e7a N\u00edvel 4 ou P1 do RouterOS<\/h3>\n<p>&nbsp;<\/p>\n<p>&nbsp;<\/p>\n<p>[\/et_pb_text][\/et_pb_column][et_pb_column type=&#8221;1_3&#8243; _builder_version=&#8221;4.14.4&#8243; _module_preset=&#8221;default&#8221; global_colors_info=&#8221;{}&#8221;][et_pb_text _builder_version=&#8221;4.14.4&#8243; _module_preset=&#8221;default&#8221; hover_enabled=&#8221;0&#8243; global_colors_info=&#8221;{}&#8221; text_font_size=&#8221;16px&#8221; sticky_enabled=&#8221;0&#8243;]<\/p>\n<p>Conte\u00fado Program\u00e1tico:<\/p>\n<p>1. Introdu\u00e7\u00e3o do Mikrotik RouterOS<\/p>\n<p>2. Servi\u00e7os de DHCP<\/p>\n<p>3. Interfaces Virtuais (Bridges)<\/p>\n<p>4. Roteamento<\/p>\n<p>5. Wireless<\/p>\n<p>6. Firewall<\/p>\n<p>7. Qualidade de Servi\u00e7o (QoS)<\/p>\n<p>8. Tuneis (VPN)<\/p>\n<p>[\/et_pb_text][\/et_pb_column][\/et_pb_row][\/et_pb_section]<\/p>\n","protected":false},"excerpt":{"rendered":"<p>Mikrotik Certified Network Associate Objetivo: Instruir os participantes no entendimento do sistema operacional MikroTik, preparando-os para conquistar a certifica\u00e7\u00e3o MTCNA do routerOS. Seu prop\u00f3sito \u00e9 capacitar os participantes para a instala\u00e7\u00e3o, opera\u00e7\u00e3o e administra\u00e7\u00e3o de redes MikroTik, abrangendo tamb\u00e9m as estrat\u00e9gias de planejamento baseadas no routerOS.Investimento:\u00a0 \u00a0550\u20ac. Carga Hor\u00e1ria: 24hs. &nbsp; Pr\u00e9-Requisito: Nenhum. &nbsp; Gr\u00e1tis [&hellip;]<\/p>\n","protected":false},"author":1,"featured_media":0,"parent":0,"menu_order":0,"comment_status":"closed","ping_status":"closed","template":"","meta":{"_et_pb_use_builder":"on","_et_pb_old_content":"","_et_gb_content_width":"","footnotes":""},"class_list":["post-8","page","type-page","status-publish","hentry"],"aioseo_notices":[],"_links":{"self":[{"href":"https:\/\/vipnet.pt\/pg01\/index.php\/wp-json\/wp\/v2\/pages\/8","targetHints":{"allow":["GET"]}}],"collection":[{"href":"https:\/\/vipnet.pt\/pg01\/index.php\/wp-json\/wp\/v2\/pages"}],"about":[{"href":"https:\/\/vipnet.pt\/pg01\/index.php\/wp-json\/wp\/v2\/types\/page"}],"author":[{"embeddable":true,"href":"https:\/\/vipnet.pt\/pg01\/index.php\/wp-json\/wp\/v2\/users\/1"}],"replies":[{"embeddable":true,"href":"https:\/\/vipnet.pt\/pg01\/index.php\/wp-json\/wp\/v2\/comments?post=8"}],"version-history":[{"count":5,"href":"https:\/\/vipnet.pt\/pg01\/index.php\/wp-json\/wp\/v2\/pages\/8\/revisions"}],"predecessor-version":[{"id":173,"href":"https:\/\/vipnet.pt\/pg01\/index.php\/wp-json\/wp\/v2\/pages\/8\/revisions\/173"}],"wp:attachment":[{"href":"https:\/\/vipnet.pt\/pg01\/index.php\/wp-json\/wp\/v2\/media?parent=8"}],"curies":[{"name":"wp","href":"https:\/\/api.w.org\/{rel}","templated":true}]}}