{"id":81,"date":"2024-01-15T19:04:27","date_gmt":"2024-01-15T19:04:27","guid":{"rendered":"https:\/\/vipnet.pt\/pg01\/?page_id=81"},"modified":"2024-01-21T02:14:04","modified_gmt":"2024-01-21T02:14:04","slug":"home","status":"publish","type":"page","link":"https:\/\/vipnet.pt\/pg01\/","title":{"rendered":"Home"},"content":{"rendered":"<p>[et_pb_section fb_built=&#8221;1&#8243; _builder_version=&#8221;4.14.4&#8243; _module_preset=&#8221;default&#8221; use_background_color_gradient=&#8221;on&#8221; global_colors_info=&#8221;{}&#8221;][et_pb_row column_structure=&#8221;1_3,2_3&#8243; _builder_version=&#8221;4.14.4&#8243; _module_preset=&#8221;default&#8221; global_colors_info=&#8221;{}&#8221;][et_pb_column type=&#8221;1_3&#8243; _builder_version=&#8221;4.14.4&#8243; _module_preset=&#8221;default&#8221; global_colors_info=&#8221;{}&#8221;][et_pb_image src=&#8221;https:\/\/vipnet.pt\/pg01\/wp-content\/uploads\/2024\/01\/Flavio_Camacho.png&#8221; title_text=&#8221;Flavio_Camacho&#8221; align=&#8221;center&#8221; force_fullwidth=&#8221;on&#8221; _builder_version=&#8221;4.14.4&#8243; _module_preset=&#8221;default&#8221; global_colors_info=&#8221;{}&#8221;][\/et_pb_image][\/et_pb_column][et_pb_column type=&#8221;2_3&#8243; _builder_version=&#8221;4.14.4&#8243; _module_preset=&#8221;default&#8221; global_colors_info=&#8221;{}&#8221;][et_pb_text _builder_version=&#8221;4.14.4&#8243; _module_preset=&#8221;default&#8221; text_text_color=&#8221;#000000&#8243; text_font_size=&#8221;16px&#8221; custom_padding=&#8221;6px||5px|||&#8221; global_colors_info=&#8221;{}&#8221;]<\/p>\n<h2><\/h2>\n<h2>Consultoria, Cursos e Certifica\u00e7\u00f5es Oficiais Mikrotik<\/h2>\n<h2><\/h2>\n<h2>Fl\u00e1vio Gomes Figueira Camacho<\/h2>\n<p>Trainner Oficial da Mikrotik desde 2015, trabalhando em Provedores de Acesso a Internet desde 2004, Engenheiro inscrito na Ordem dos Engenheiros de Portugal com Mestrado em Engenharia de Telecomunica\u00e7\u00f5es. Foi palestrante nos Encontros de Usu\u00e1rios de Mikrotik (MUM) de 2009 at\u00e9 2019, tendo apresentado palestras no Brasil, Reino Unido e \u00c1ustria. Possue todas as Certifica\u00e7\u00f5es da Mikrotik, e apesar de ser Portugu\u00eas pode ministrar os cursos em Espanhol ou Ingl\u00eas. Grande experiencia em BGP, MPLS, VPN e Firewall.<\/p>\n<p>[\/et_pb_text][\/et_pb_column][\/et_pb_row][\/et_pb_section]<\/p>\n","protected":false},"excerpt":{"rendered":"<p>Consultoria, Cursos e Certifica\u00e7\u00f5es Oficiais Mikrotik Fl\u00e1vio Gomes Figueira Camacho Trainner Oficial da Mikrotik desde 2015, trabalhando em Provedores de Acesso a Internet desde 2004, Engenheiro inscrito na Ordem dos Engenheiros de Portugal com Mestrado em Engenharia de Telecomunica\u00e7\u00f5es. Foi palestrante nos Encontros de Usu\u00e1rios de Mikrotik (MUM) de 2009 at\u00e9 2019, tendo apresentado palestras [&hellip;]<\/p>\n","protected":false},"author":1,"featured_media":0,"parent":0,"menu_order":0,"comment_status":"closed","ping_status":"closed","template":"","meta":{"_et_pb_use_builder":"on","_et_pb_old_content":"","_et_gb_content_width":"","footnotes":""},"class_list":["post-81","page","type-page","status-publish","hentry"],"aioseo_notices":[],"_links":{"self":[{"href":"https:\/\/vipnet.pt\/pg01\/index.php\/wp-json\/wp\/v2\/pages\/81","targetHints":{"allow":["GET"]}}],"collection":[{"href":"https:\/\/vipnet.pt\/pg01\/index.php\/wp-json\/wp\/v2\/pages"}],"about":[{"href":"https:\/\/vipnet.pt\/pg01\/index.php\/wp-json\/wp\/v2\/types\/page"}],"author":[{"embeddable":true,"href":"https:\/\/vipnet.pt\/pg01\/index.php\/wp-json\/wp\/v2\/users\/1"}],"replies":[{"embeddable":true,"href":"https:\/\/vipnet.pt\/pg01\/index.php\/wp-json\/wp\/v2\/comments?post=81"}],"version-history":[{"count":10,"href":"https:\/\/vipnet.pt\/pg01\/index.php\/wp-json\/wp\/v2\/pages\/81\/revisions"}],"predecessor-version":[{"id":179,"href":"https:\/\/vipnet.pt\/pg01\/index.php\/wp-json\/wp\/v2\/pages\/81\/revisions\/179"}],"wp:attachment":[{"href":"https:\/\/vipnet.pt\/pg01\/index.php\/wp-json\/wp\/v2\/media?parent=81"}],"curies":[{"name":"wp","href":"https:\/\/api.w.org\/{rel}","templated":true}]}}